{"id":3261,"date":"2022-02-11T12:12:26","date_gmt":"2022-02-11T12:12:26","guid":{"rendered":"https:\/\/www.pmc-wine.com\/politica-de-privacidade\/"},"modified":"2022-02-11T12:12:27","modified_gmt":"2022-02-11T12:12:27","slug":"politica-de-privacidade","status":"publish","type":"page","link":"https:\/\/www.pmc-wine.com\/fr\/politica-de-privacidade\/","title":{"rendered":"Pol\u00edtica de Privacidade"},"content":{"rendered":"\n<p>O site pmc-wine.com n\u00e3o recolhe automaticamente qualquer tipo de informa\u00e7\u00e3o pessoal dos utilizadores que n\u00e3o se encontrem registados, permitindo assim que os visitantes naveguem anonimamente.<\/p>\n\n<p>No caso de alguns servi\u00e7os, os cookies (ficheiro de texto guardado no computador do utilizador, com a finalidade de personalizar as visitas) podem ser utilizados para contabilizar o n\u00famero de visitas site sem identificar pessoalmente o utilizador. Este tipo de cookies n\u00e3o guarda ou recolhe qualquer tipo de informa\u00e7\u00e3o de car\u00e1cter pessoal do utilizador, e a sua instala\u00e7\u00e3o pode ser sempre controlada, atrav\u00e9s do programa de navega\u00e7\u00e3o (browser) do utilizador.<\/p>\n\n<p>A informa\u00e7\u00e3o pessoal voluntariamente fornecida pelo utilizador ao preencher os formul\u00e1rios existentes neste site \u00e9 para exclusiva informa\u00e7\u00e3o da pmc-wine.com, a quem a informa\u00e7\u00e3o \u00e9 dirigida. A pmc-wine.com n\u00e3o divulgar\u00e1 os dados recolhidos a terceiros sem o pr\u00e9vio consentimento do seu titular. Esta informa\u00e7\u00e3o poder\u00e1 apenas ser utilizada para desenvolver mecanismos de personaliza\u00e7\u00e3o do site e para o envio por correio eletr\u00f3nico de mensagens informativas e novidades sobre o pr\u00f3prio site.<\/p>\n\n<p>Esta pol\u00edtica de privacidade pode ser eventualmente alterada no futuro. Para o esclarecimento de qualquer d\u00favida, envie por favor uma mensagem por correio eletr\u00f3nico para\u00a0<a href=\"mailto:info@pmc-wine.com\" target=\"_blank\" rel=\"noreferrer noopener nofollow\">info@pmc-wine.com<\/a>.<\/p>\n\n<p>A PMC \u2013 Importa\u00e7\u00e3o Com\u00e9rcio e Servi\u00e7os, Lda. est\u00e1 empenhada em proteger e respeitar a privacidade dos utilizadores do site pmc-wine.com. Esta Pol\u00edtica estabelece a base na qual s\u00e3o objeto de tratamento neste site quaisquer dados pessoais obtidos ou fornecidos pelos respectivos titulares. O termo \u201cdados pessoais\u201d, conforme usado nesta Pol\u00edtica, refere-se a determinada informa\u00e7\u00e3o como o nome, endere\u00e7o de e-mail, morada, n\u00famero de telefone ou qualquer outra informa\u00e7\u00e3o que possa ser usada para identificar o titular. Para navegar nas \u00e1reas p\u00fablicas deste site n\u00e3o \u00e9 necess\u00e1rio fornecer informa\u00e7\u00e3o pessoal.<\/p>\n\n<p>Ao registar-se no site pmc-wine.com e\/ou fornecer quaisquer dados pessoais, o titular dos dados est\u00e1 a prestar livremente o seu consentimento expl\u00edcito para que os dados pessoais submetidos possam ser tratados para as finalidades e nos termos descritos na seguinte pol\u00edtica de privacidade e em conformidade com as leis e regulamentos em vigor relacionados com dados pessoais.<\/p>\n\n<h4 class=\"wp-block-heading\">Respons\u00e1vel pelo tratamento de dados<\/h4>\n\n<p>Este site \u00e9 propriedade exclusiva da PMC \u2013 Importa\u00e7\u00e3o Com\u00e9rcio e Servi\u00e7os, Lda., com sede em Lisboa, sendo esta a entidade respons\u00e1vel pelo tratamento dos dados pessoais obtidos ou fornecidos no site pmc-wine.com.<\/p>\n\n<h4 class=\"wp-block-heading\">Direitos dos titulares dos dados pessoais<\/h4>\n\n<p>Nos termos e para os efeitos do disposto nos artigos 13.\u00ba a 22.\u00ba do Regulamento Geral de Prote\u00e7\u00e3o de Dados Regulamento (UE) 2016\/679 do Parlamento Europeu e do Conselho, de 27 de abril de 2016, a PMC informa que quaisquer dados que estejam na sua posse podem ser consultados, limitados no seu tratamento, rectificados ou apagados a pedido do titular a que se referem.<\/p>\n\n<p>Mais informa a PMC \u2013 Importa\u00e7\u00e3o Com\u00e9rcio e Servi\u00e7os, Lda. que o titular dos dados tem o direito de retirar o seu consentimento a qualquer momento. A retirada do consentimento n\u00e3o compromete a licitude do tratamento efectuado com base no consentimento previamente dado.<\/p>\n\n<p>O titular dos dados tem, ainda, direito a opor-se \u00e0 continua\u00e7\u00e3o do tratamento dos seus dados pessoais, a ser informado, a pedido, sobre as finalidades do tratamento, as categorias de dados envolvidos, a identidade dos destinat\u00e1rios a quem tenham sido divulgados e o per\u00edodo de conserva\u00e7\u00e3o dos seus dados pessoais.<\/p>\n\n<h4 class=\"wp-block-heading\">Conserva\u00e7\u00e3o dos dados<\/h4>\n\n<p>A PMC \u2013 Importa\u00e7\u00e3o Com\u00e9rcio e Servi\u00e7os, Lda. conserva os dados pessoais apenas durante o tempo que for necess\u00e1rio para atingir o objetivo para o qual foram fornecidos ou para cumprir quaisquer obriga\u00e7\u00f5es contratuais ou jur\u00eddicas a que se encontra adstrito.<\/p>\n\n<h4 class=\"wp-block-heading\">Notifica\u00e7\u00e3o de altera\u00e7\u00f5es a esta pol\u00edtica<\/h4>\n\n<p>Na eventualidade de ser necess\u00e1rio proceder \u00e0 altera\u00e7\u00e3o desta Pol\u00edtica, a PMC \u2013 Importa\u00e7\u00e3o Com\u00e9rcio e Servi\u00e7os, Lda. publicar\u00e1 quaisquer mudan\u00e7as nesta p\u00e1gina para que os utilizadores estejam sempre actualizados sobre a informa\u00e7\u00e3o recolhida e utilizada.<\/p>\n","protected":false},"excerpt":{"rendered":"<p>O site pmc-wine.com n\u00e3o recolhe automaticamente qualquer tipo de informa\u00e7\u00e3o pessoal dos utilizadores que n\u00e3o se encontrem registados, permitindo assim que os visitantes naveguem anonimamente. No caso de alguns servi\u00e7os, os cookies (ficheiro de texto guardado no computador do utilizador, com a finalidade de personalizar as visitas) podem ser utilizados para contabilizar o n\u00famero de [&hellip;]<\/p>\n","protected":false},"author":1,"featured_media":0,"parent":0,"menu_order":5,"comment_status":"closed","ping_status":"closed","template":"","meta":{"footnotes":""},"class_list":["post-3261","page","type-page","status-publish","hentry"],"acf":[],"yoast_head":"<!-- This site is optimized with the Yoast SEO plugin v27.5 - https:\/\/yoast.com\/product\/yoast-seo-wordpress\/ -->\n<title>Pol\u00edtica de Privacidade - PMC Wine &amp; Food<\/title>\n<meta name=\"description\" content=\"PMC Wine &amp; Food\" \/>\n<meta name=\"robots\" content=\"index, nofollow, max-snippet:-1, max-image-preview:large, max-video-preview:-1\" \/>\n<link rel=\"canonical\" href=\"https:\/\/www.pmc-wine.com\/fr\/politica-de-privacidade\/\" \/>\n<meta property=\"og:locale\" content=\"fr_FR\" \/>\n<meta property=\"og:type\" content=\"article\" \/>\n<meta property=\"og:title\" content=\"Pol\u00edtica de Privacidade - PMC Wine &amp; Food\" \/>\n<meta property=\"og:description\" content=\"PMC Wine &amp; Food\" \/>\n<meta property=\"og:url\" content=\"https:\/\/www.pmc-wine.com\/fr\/politica-de-privacidade\/\" \/>\n<meta property=\"og:site_name\" content=\"PMC Wine &amp; Food\" \/>\n<meta property=\"article:modified_time\" content=\"2022-02-11T12:12:27+00:00\" \/>\n<meta name=\"twitter:card\" content=\"summary_large_image\" \/>\n<meta name=\"twitter:label1\" content=\"Dur\u00e9e de lecture estim\u00e9e\" \/>\n\t<meta name=\"twitter:data1\" content=\"3 minutes\" \/>\n<script type=\"application\/ld+json\" class=\"yoast-schema-graph\">{\"@context\":\"https:\\\/\\\/schema.org\",\"@graph\":[{\"@type\":\"WebPage\",\"@id\":\"https:\\\/\\\/www.pmc-wine.com\\\/fr\\\/politica-de-privacidade\\\/\",\"url\":\"https:\\\/\\\/www.pmc-wine.com\\\/fr\\\/politica-de-privacidade\\\/\",\"name\":\"Pol\u00edtica de Privacidade - PMC Wine & Food\",\"isPartOf\":{\"@id\":\"https:\\\/\\\/www.pmc-wine.com\\\/fr\\\/#website\"},\"datePublished\":\"2022-02-11T12:12:26+00:00\",\"dateModified\":\"2022-02-11T12:12:27+00:00\",\"description\":\"PMC Wine & Food\",\"breadcrumb\":{\"@id\":\"https:\\\/\\\/www.pmc-wine.com\\\/fr\\\/politica-de-privacidade\\\/#breadcrumb\"},\"inLanguage\":\"fr-FR\",\"potentialAction\":[{\"@type\":\"ReadAction\",\"target\":[\"https:\\\/\\\/www.pmc-wine.com\\\/fr\\\/politica-de-privacidade\\\/\"]}]},{\"@type\":\"BreadcrumbList\",\"@id\":\"https:\\\/\\\/www.pmc-wine.com\\\/fr\\\/politica-de-privacidade\\\/#breadcrumb\",\"itemListElement\":[{\"@type\":\"ListItem\",\"position\":1,\"name\":\"Accueil\",\"item\":\"https:\\\/\\\/www.pmc-wine.com\\\/fr\\\/\"},{\"@type\":\"ListItem\",\"position\":2,\"name\":\"Pol\u00edtica de Privacidade\"}]},{\"@type\":\"WebSite\",\"@id\":\"https:\\\/\\\/www.pmc-wine.com\\\/fr\\\/#website\",\"url\":\"https:\\\/\\\/www.pmc-wine.com\\\/fr\\\/\",\"name\":\"PMC Wine & Food\",\"description\":\"Po\u00e9sie en Bouteille\",\"publisher\":{\"@id\":\"https:\\\/\\\/www.pmc-wine.com\\\/fr\\\/#organization\"},\"potentialAction\":[{\"@type\":\"SearchAction\",\"target\":{\"@type\":\"EntryPoint\",\"urlTemplate\":\"https:\\\/\\\/www.pmc-wine.com\\\/fr\\\/?s={search_term_string}\"},\"query-input\":{\"@type\":\"PropertyValueSpecification\",\"valueRequired\":true,\"valueName\":\"search_term_string\"}}],\"inLanguage\":\"fr-FR\"},{\"@type\":\"Organization\",\"@id\":\"https:\\\/\\\/www.pmc-wine.com\\\/fr\\\/#organization\",\"name\":\"PMC Wine & Food\",\"url\":\"https:\\\/\\\/www.pmc-wine.com\\\/fr\\\/\",\"logo\":{\"@type\":\"ImageObject\",\"inLanguage\":\"fr-FR\",\"@id\":\"https:\\\/\\\/www.pmc-wine.com\\\/fr\\\/#\\\/schema\\\/logo\\\/image\\\/\",\"url\":\"https:\\\/\\\/www.pmc-wine.com\\\/wp-content\\\/uploads\\\/2021\\\/06\\\/pmc-logo-cor.svg\",\"contentUrl\":\"https:\\\/\\\/www.pmc-wine.com\\\/wp-content\\\/uploads\\\/2021\\\/06\\\/pmc-logo-cor.svg\",\"width\":180,\"height\":81,\"caption\":\"PMC Wine & Food\"},\"image\":{\"@id\":\"https:\\\/\\\/www.pmc-wine.com\\\/fr\\\/#\\\/schema\\\/logo\\\/image\\\/\"}}]}<\/script>\n<!-- \/ Yoast SEO plugin. -->","yoast_head_json":{"title":"Pol\u00edtica de Privacidade - PMC Wine & Food","description":"PMC Wine & Food","robots":{"index":"index","follow":"nofollow","max-snippet":"max-snippet:-1","max-image-preview":"max-image-preview:large","max-video-preview":"max-video-preview:-1"},"canonical":"https:\/\/www.pmc-wine.com\/fr\/politica-de-privacidade\/","og_locale":"fr_FR","og_type":"article","og_title":"Pol\u00edtica de Privacidade - PMC Wine & Food","og_description":"PMC Wine & Food","og_url":"https:\/\/www.pmc-wine.com\/fr\/politica-de-privacidade\/","og_site_name":"PMC Wine & Food","article_modified_time":"2022-02-11T12:12:27+00:00","twitter_card":"summary_large_image","twitter_misc":{"Dur\u00e9e de lecture estim\u00e9e":"3 minutes"},"schema":{"@context":"https:\/\/schema.org","@graph":[{"@type":"WebPage","@id":"https:\/\/www.pmc-wine.com\/fr\/politica-de-privacidade\/","url":"https:\/\/www.pmc-wine.com\/fr\/politica-de-privacidade\/","name":"Pol\u00edtica de Privacidade - PMC Wine & Food","isPartOf":{"@id":"https:\/\/www.pmc-wine.com\/fr\/#website"},"datePublished":"2022-02-11T12:12:26+00:00","dateModified":"2022-02-11T12:12:27+00:00","description":"PMC Wine & Food","breadcrumb":{"@id":"https:\/\/www.pmc-wine.com\/fr\/politica-de-privacidade\/#breadcrumb"},"inLanguage":"fr-FR","potentialAction":[{"@type":"ReadAction","target":["https:\/\/www.pmc-wine.com\/fr\/politica-de-privacidade\/"]}]},{"@type":"BreadcrumbList","@id":"https:\/\/www.pmc-wine.com\/fr\/politica-de-privacidade\/#breadcrumb","itemListElement":[{"@type":"ListItem","position":1,"name":"Accueil","item":"https:\/\/www.pmc-wine.com\/fr\/"},{"@type":"ListItem","position":2,"name":"Pol\u00edtica de Privacidade"}]},{"@type":"WebSite","@id":"https:\/\/www.pmc-wine.com\/fr\/#website","url":"https:\/\/www.pmc-wine.com\/fr\/","name":"PMC Wine & Food","description":"Po\u00e9sie en Bouteille","publisher":{"@id":"https:\/\/www.pmc-wine.com\/fr\/#organization"},"potentialAction":[{"@type":"SearchAction","target":{"@type":"EntryPoint","urlTemplate":"https:\/\/www.pmc-wine.com\/fr\/?s={search_term_string}"},"query-input":{"@type":"PropertyValueSpecification","valueRequired":true,"valueName":"search_term_string"}}],"inLanguage":"fr-FR"},{"@type":"Organization","@id":"https:\/\/www.pmc-wine.com\/fr\/#organization","name":"PMC Wine & Food","url":"https:\/\/www.pmc-wine.com\/fr\/","logo":{"@type":"ImageObject","inLanguage":"fr-FR","@id":"https:\/\/www.pmc-wine.com\/fr\/#\/schema\/logo\/image\/","url":"https:\/\/www.pmc-wine.com\/wp-content\/uploads\/2021\/06\/pmc-logo-cor.svg","contentUrl":"https:\/\/www.pmc-wine.com\/wp-content\/uploads\/2021\/06\/pmc-logo-cor.svg","width":180,"height":81,"caption":"PMC Wine & Food"},"image":{"@id":"https:\/\/www.pmc-wine.com\/fr\/#\/schema\/logo\/image\/"}}]}},"_links":{"self":[{"href":"https:\/\/www.pmc-wine.com\/fr\/wp-json\/wp\/v2\/pages\/3261","targetHints":{"allow":["GET"]}}],"collection":[{"href":"https:\/\/www.pmc-wine.com\/fr\/wp-json\/wp\/v2\/pages"}],"about":[{"href":"https:\/\/www.pmc-wine.com\/fr\/wp-json\/wp\/v2\/types\/page"}],"author":[{"embeddable":true,"href":"https:\/\/www.pmc-wine.com\/fr\/wp-json\/wp\/v2\/users\/1"}],"replies":[{"embeddable":true,"href":"https:\/\/www.pmc-wine.com\/fr\/wp-json\/wp\/v2\/comments?post=3261"}],"version-history":[{"count":1,"href":"https:\/\/www.pmc-wine.com\/fr\/wp-json\/wp\/v2\/pages\/3261\/revisions"}],"predecessor-version":[{"id":3262,"href":"https:\/\/www.pmc-wine.com\/fr\/wp-json\/wp\/v2\/pages\/3261\/revisions\/3262"}],"wp:attachment":[{"href":"https:\/\/www.pmc-wine.com\/fr\/wp-json\/wp\/v2\/media?parent=3261"}],"curies":[{"name":"wp","href":"https:\/\/api.w.org\/{rel}","templated":true}]}}