{"id":3259,"date":"2022-02-11T12:11:56","date_gmt":"2022-02-11T12:11:56","guid":{"rendered":"https:\/\/www.pmc-wine.com\/politica-de-cookies\/"},"modified":"2022-02-11T12:11:56","modified_gmt":"2022-02-11T12:11:56","slug":"politica-de-cookies","status":"publish","type":"page","link":"https:\/\/www.pmc-wine.com\/fr\/politica-de-cookies\/","title":{"rendered":"Pol\u00edtica de Cookies"},"content":{"rendered":"\n<h4 class=\"wp-block-heading\">O que s\u00e3o cookies?<\/h4>\n\n<p>O cookie \u00e9 um ficheiro de informa\u00e7\u00e3o automaticamente colocado nos discos r\u00edgidos dos computadores dos utilizadores, quando estes acedem a determinados sites. O cookie identifica o seu programa de navega\u00e7\u00e3o no servidor, possibilitando o armazenamento de informa\u00e7\u00e3o no servidor, para melhorar as experi\u00eancias Web dos utilizadores, obter mais informa\u00e7\u00f5es relativamente \u00e0 sua utiliza\u00e7\u00e3o do nosso site e\/ou para promover a maior utilidade do mesmo.<\/p>\n\n<p>A maioria dos programas de navega\u00e7\u00e3o est\u00e1 definida para aceitar cookies, embora seja poss\u00edvel configurar o navegador para recusar todos os cookies (ver abaixo), ou para indicar quando um cookie est\u00e1 a ser enviado. Note-se, no entanto, que algumas partes do nosso site poder\u00e3o n\u00e3o funcionar corretamente, caso tenha recusado os cookies.<\/p>\n\n<h4 class=\"wp-block-heading\">Porque \u00e9 que utilizamos cookies?<\/h4>\n\n<p>A\u00a0PMC Wine &amp; Food utiliza cookies no seu website (diretamente ou atrav\u00e9s dos seus parceiros). Os cookies recolhidos s\u00e3o utilizados exclusivamente pela\u00a0PMC Wine &amp; Food, diretamente ou atrav\u00e9s dos seus prestadores de servi\u00e7os, com exce\u00e7\u00e3o dos cookies Google Analytics empregues no website.<\/p>\n\n<p>Poder\u00e1 obter informa\u00e7\u00e3o adicional sobre a forma e termos em que o Google tratar\u00e3o os seus dados em <a href=\"https:\/\/developers.google.com\/analytics\/resources\/concepts\/gaConceptsCookies\" target=\"_blank\" rel=\"noreferrer noopener\">https:\/\/developers.google.com\/analytics\/resources\/concepts\/gaConceptsCookies<\/a>.<\/p>\n\n<p>A utiliza\u00e7\u00e3o de cookies visa melhorar o desempenho do nosso site e maximizar a sua experi\u00eancia ao navegar no mesmo, bem como para efeitos de marketing e otimiza\u00e7\u00e3o das solu\u00e7\u00f5es e servi\u00e7os que a\u00a0PMC Wine &amp; Food presta aos utilizadores do nosso site.<\/p>\n\n<h4 class=\"wp-block-heading\">Como bloquear\/desativar Cookies<\/h4>\n\n<p>Todos os browsers permitem ao respetivo utilizador aceitar, recusar ou apagar cookies, nomeadamente atrav\u00e9s da sele\u00e7\u00e3o das defini\u00e7\u00f5es apropriadas no respetivo navegador.<\/p>\n\n<p>Tenha em aten\u00e7\u00e3o, no entanto, que a desativa\u00e7\u00e3o dos cookies pode afetar, parcial ou totalmente, a sua experi\u00eancia de navega\u00e7\u00e3o no nosso site.<\/p>\n\n<p>Pode configurar os cookies no menu \u00ab\u00a0op\u00e7\u00f5es\u00a0\u00bb ou \u00ab\u00a0prefer\u00eancias\u00a0\u00bb do seu browser. Abaixo, indicamos as v\u00e1rias formas de desativa\u00e7\u00e3o dos cookies, dependendo do seu browser:<\/p>\n\n<ul class=\"wp-block-list\"><li>Configura\u00e7\u00f5es de cookies no<strong> Internet Explorer<\/strong> &#8211; para desativar os cookies no Internet Explorer:<\/li><\/ul>\n\n<ol class=\"wp-block-list\"><li>Clique no menu \u00ab\u00a0Ferramentas\u00a0\u00bb e escolha a op\u00e7\u00e3o \u00ab\u00a0Op\u00e7\u00f5es de Internet\u00a0\u00bb;<\/li><li>Selecione o separador \u00ab\u00a0Privacidade\u00a0\u00bb;<\/li><li>Mova a barra at\u00e9 surgir a express\u00e3o \u00ab\u00a0Bloquear todos os cookies\u00a0\u00bb.<\/li><\/ol>\n\n<ul class=\"wp-block-list\"><li>Configura\u00e7\u00f5es de cookies no <strong>Firefox<\/strong> &#8211; para desativar os cookies no Firefox:<\/li><\/ul>\n\n<ol class=\"wp-block-list\"><li>Clique no menu \u00ab\u00a0Ferramentas\u00a0\u00bb;<\/li><li>Selecione \u00ab\u00a0Op\u00e7\u00f5es\u00a0\u00bb;<\/li><li>Clique no \u00edcone \u00ab\u00a0Privacidade\u00a0\u00bb;<\/li><li>Na sec\u00e7\u00e3o \u00ab\u00a0Cookies\u00a0\u00bb, desative a op\u00e7\u00e3o \u00ab\u00a0Aceitar cookies dos sites\u00a0\u00bb;<\/li><li>Clique em \u00ab\u00a0OK\u00a0\u00bb para guardar as altera\u00e7\u00f5es e fechar.<\/li><\/ol>\n\n<ul class=\"wp-block-list\"><li>Configura\u00e7\u00f5es de cookies no <strong>Chrome<\/strong> &#8211; para desativar todos os cookies no Chrome:<\/li><\/ul>\n\n<ol class=\"wp-block-list\"><li>Clique no \u00edcone do menu do Google Chrome .<\/li><li>Selecione Configura\u00e7\u00f5es.<\/li><li>Na parte inferior da p\u00e1gina, clique em Mostrar configura\u00e7\u00f5es avan\u00e7adas.<\/li><li>Na se\u00e7\u00e3o \u00ab\u00a0Privacidade\u00a0\u00bb, clique em Configura\u00e7\u00f5es de conte\u00fado.<\/li><li>Ativar ou desativar cookies:<\/li><li>Para ativar os cookies, selecione Permitir a configura\u00e7\u00e3o de dados locais (recomendado).<\/li><li>Para desativar os cookies, selecione Bloquear as configura\u00e7\u00f5es de quaisquer dados por sites.<\/li><\/ol>\n\n<ul class=\"wp-block-list\"><li>Configura\u00e7\u00f5es de cookies no <strong>Safari<\/strong> web e iOS &#8211; para desativar os cookies no Safari Web e iOS:<\/li><\/ul>\n\n<ol class=\"wp-block-list\"><li>Clique em \u00ab\u00a0Edit\u00a0\u00bb (Editar);<\/li><li>Selecione \u00ab\u00a0Preferences\u00a0\u00bb (Prefer\u00eancias);<\/li><li>No painel superior, selecione o \u00edcone \u00ab\u00a0Security\u00a0\u00bb (Seguran\u00e7a);<\/li><li>Na sec\u00e7\u00e3o \u00ab\u00a0Accept Cookies\u00a0\u00bb (Aceitar cookies), selecione \u00ab\u00a0Never\u00a0\u00bb (Nunca).<\/li><\/ol>\n\n<p>A\u00a0PMC Wine &amp; Food reserva-se o direito de, a qualquer momento, sem necessidade de aviso pr\u00e9vio e com efeitos imediatos, alterar, adicionar, atualizar ou eliminar, parcial ou totalmente, a presente informa\u00e7\u00e3o sobre cookies.<\/p>\n\n<p>O utilizador deve consultar periodicamente esta p\u00e1gina para confirmar se foram efetuadas quaisquer atualiza\u00e7\u00f5es ou altera\u00e7\u00f5es.<\/p>\n\n<p>Para saber mais sobre os cookies, visite <a href=\"http:\/\/www.allaboutcookies.org\" target=\"_blank\" rel=\"noreferrer noopener\">www.allaboutcookies.org<\/a>, onde poder\u00e1 encontrar informa\u00e7\u00f5es sobre como gerir as suas configura\u00e7\u00f5es para os v\u00e1rios fornecedores de navegadores.<\/p>\n","protected":false},"excerpt":{"rendered":"<p>O que s\u00e3o cookies? O cookie \u00e9 um ficheiro de informa\u00e7\u00e3o automaticamente colocado nos discos r\u00edgidos dos computadores dos utilizadores, quando estes acedem a determinados sites. O cookie identifica o seu programa de navega\u00e7\u00e3o no servidor, possibilitando o armazenamento de informa\u00e7\u00e3o no servidor, para melhorar as experi\u00eancias Web dos utilizadores, obter mais informa\u00e7\u00f5es relativamente \u00e0 [&hellip;]<\/p>\n","protected":false},"author":1,"featured_media":0,"parent":0,"menu_order":0,"comment_status":"closed","ping_status":"closed","template":"","meta":{"footnotes":""},"class_list":["post-3259","page","type-page","status-publish","hentry"],"acf":[],"yoast_head":"<!-- This site is optimized with the Yoast SEO plugin v27.4 - https:\/\/yoast.com\/product\/yoast-seo-wordpress\/ -->\n<title>Pol\u00edtica de Cookies - PMC Wine &amp; Food<\/title>\n<meta name=\"description\" content=\"PMC Wine &amp; Food\" \/>\n<meta name=\"robots\" content=\"noindex, nofollow\" \/>\n<meta property=\"og:locale\" content=\"fr_FR\" \/>\n<meta property=\"og:type\" content=\"article\" \/>\n<meta property=\"og:title\" content=\"Pol\u00edtica de Cookies - PMC Wine &amp; Food\" \/>\n<meta property=\"og:description\" content=\"PMC Wine &amp; Food\" \/>\n<meta property=\"og:url\" content=\"https:\/\/www.pmc-wine.com\/fr\/politica-de-cookies\/\" \/>\n<meta property=\"og:site_name\" content=\"PMC Wine &amp; Food\" \/>\n<meta name=\"twitter:card\" content=\"summary_large_image\" \/>\n<meta name=\"twitter:label1\" content=\"Dur\u00e9e de lecture estim\u00e9e\" \/>\n\t<meta name=\"twitter:data1\" content=\"3 minutes\" \/>\n<script type=\"application\/ld+json\" class=\"yoast-schema-graph\">{\"@context\":\"https:\\\/\\\/schema.org\",\"@graph\":[{\"@type\":\"WebPage\",\"@id\":\"https:\\\/\\\/www.pmc-wine.com\\\/fr\\\/politica-de-cookies\\\/\",\"url\":\"https:\\\/\\\/www.pmc-wine.com\\\/fr\\\/politica-de-cookies\\\/\",\"name\":\"Pol\u00edtica de Cookies - PMC Wine & Food\",\"isPartOf\":{\"@id\":\"https:\\\/\\\/www.pmc-wine.com\\\/fr\\\/#website\"},\"datePublished\":\"2022-02-11T12:11:56+00:00\",\"description\":\"PMC Wine & Food\",\"breadcrumb\":{\"@id\":\"https:\\\/\\\/www.pmc-wine.com\\\/fr\\\/politica-de-cookies\\\/#breadcrumb\"},\"inLanguage\":\"fr-FR\",\"potentialAction\":[{\"@type\":\"ReadAction\",\"target\":[\"https:\\\/\\\/www.pmc-wine.com\\\/fr\\\/politica-de-cookies\\\/\"]}]},{\"@type\":\"BreadcrumbList\",\"@id\":\"https:\\\/\\\/www.pmc-wine.com\\\/fr\\\/politica-de-cookies\\\/#breadcrumb\",\"itemListElement\":[{\"@type\":\"ListItem\",\"position\":1,\"name\":\"Accueil\",\"item\":\"https:\\\/\\\/www.pmc-wine.com\\\/fr\\\/\"},{\"@type\":\"ListItem\",\"position\":2,\"name\":\"Pol\u00edtica de Cookies\"}]},{\"@type\":\"WebSite\",\"@id\":\"https:\\\/\\\/www.pmc-wine.com\\\/fr\\\/#website\",\"url\":\"https:\\\/\\\/www.pmc-wine.com\\\/fr\\\/\",\"name\":\"PMC Wine & Food\",\"description\":\"Po\u00e9sie en Bouteille\",\"publisher\":{\"@id\":\"https:\\\/\\\/www.pmc-wine.com\\\/fr\\\/#organization\"},\"potentialAction\":[{\"@type\":\"SearchAction\",\"target\":{\"@type\":\"EntryPoint\",\"urlTemplate\":\"https:\\\/\\\/www.pmc-wine.com\\\/fr\\\/?s={search_term_string}\"},\"query-input\":{\"@type\":\"PropertyValueSpecification\",\"valueRequired\":true,\"valueName\":\"search_term_string\"}}],\"inLanguage\":\"fr-FR\"},{\"@type\":\"Organization\",\"@id\":\"https:\\\/\\\/www.pmc-wine.com\\\/fr\\\/#organization\",\"name\":\"PMC Wine & Food\",\"url\":\"https:\\\/\\\/www.pmc-wine.com\\\/fr\\\/\",\"logo\":{\"@type\":\"ImageObject\",\"inLanguage\":\"fr-FR\",\"@id\":\"https:\\\/\\\/www.pmc-wine.com\\\/fr\\\/#\\\/schema\\\/logo\\\/image\\\/\",\"url\":\"https:\\\/\\\/www.pmc-wine.com\\\/wp-content\\\/uploads\\\/2021\\\/06\\\/pmc-logo-cor.svg\",\"contentUrl\":\"https:\\\/\\\/www.pmc-wine.com\\\/wp-content\\\/uploads\\\/2021\\\/06\\\/pmc-logo-cor.svg\",\"width\":180,\"height\":81,\"caption\":\"PMC Wine & Food\"},\"image\":{\"@id\":\"https:\\\/\\\/www.pmc-wine.com\\\/fr\\\/#\\\/schema\\\/logo\\\/image\\\/\"}}]}<\/script>\n<!-- \/ Yoast SEO plugin. -->","yoast_head_json":{"title":"Pol\u00edtica de Cookies - PMC Wine & Food","description":"PMC Wine & Food","robots":{"index":"noindex","follow":"nofollow"},"og_locale":"fr_FR","og_type":"article","og_title":"Pol\u00edtica de Cookies - PMC Wine & Food","og_description":"PMC Wine & Food","og_url":"https:\/\/www.pmc-wine.com\/fr\/politica-de-cookies\/","og_site_name":"PMC Wine & Food","twitter_card":"summary_large_image","twitter_misc":{"Dur\u00e9e de lecture estim\u00e9e":"3 minutes"},"schema":{"@context":"https:\/\/schema.org","@graph":[{"@type":"WebPage","@id":"https:\/\/www.pmc-wine.com\/fr\/politica-de-cookies\/","url":"https:\/\/www.pmc-wine.com\/fr\/politica-de-cookies\/","name":"Pol\u00edtica de Cookies - PMC Wine & Food","isPartOf":{"@id":"https:\/\/www.pmc-wine.com\/fr\/#website"},"datePublished":"2022-02-11T12:11:56+00:00","description":"PMC Wine & Food","breadcrumb":{"@id":"https:\/\/www.pmc-wine.com\/fr\/politica-de-cookies\/#breadcrumb"},"inLanguage":"fr-FR","potentialAction":[{"@type":"ReadAction","target":["https:\/\/www.pmc-wine.com\/fr\/politica-de-cookies\/"]}]},{"@type":"BreadcrumbList","@id":"https:\/\/www.pmc-wine.com\/fr\/politica-de-cookies\/#breadcrumb","itemListElement":[{"@type":"ListItem","position":1,"name":"Accueil","item":"https:\/\/www.pmc-wine.com\/fr\/"},{"@type":"ListItem","position":2,"name":"Pol\u00edtica de Cookies"}]},{"@type":"WebSite","@id":"https:\/\/www.pmc-wine.com\/fr\/#website","url":"https:\/\/www.pmc-wine.com\/fr\/","name":"PMC Wine & Food","description":"Po\u00e9sie en Bouteille","publisher":{"@id":"https:\/\/www.pmc-wine.com\/fr\/#organization"},"potentialAction":[{"@type":"SearchAction","target":{"@type":"EntryPoint","urlTemplate":"https:\/\/www.pmc-wine.com\/fr\/?s={search_term_string}"},"query-input":{"@type":"PropertyValueSpecification","valueRequired":true,"valueName":"search_term_string"}}],"inLanguage":"fr-FR"},{"@type":"Organization","@id":"https:\/\/www.pmc-wine.com\/fr\/#organization","name":"PMC Wine & Food","url":"https:\/\/www.pmc-wine.com\/fr\/","logo":{"@type":"ImageObject","inLanguage":"fr-FR","@id":"https:\/\/www.pmc-wine.com\/fr\/#\/schema\/logo\/image\/","url":"https:\/\/www.pmc-wine.com\/wp-content\/uploads\/2021\/06\/pmc-logo-cor.svg","contentUrl":"https:\/\/www.pmc-wine.com\/wp-content\/uploads\/2021\/06\/pmc-logo-cor.svg","width":180,"height":81,"caption":"PMC Wine & Food"},"image":{"@id":"https:\/\/www.pmc-wine.com\/fr\/#\/schema\/logo\/image\/"}}]}},"_links":{"self":[{"href":"https:\/\/www.pmc-wine.com\/fr\/wp-json\/wp\/v2\/pages\/3259","targetHints":{"allow":["GET"]}}],"collection":[{"href":"https:\/\/www.pmc-wine.com\/fr\/wp-json\/wp\/v2\/pages"}],"about":[{"href":"https:\/\/www.pmc-wine.com\/fr\/wp-json\/wp\/v2\/types\/page"}],"author":[{"embeddable":true,"href":"https:\/\/www.pmc-wine.com\/fr\/wp-json\/wp\/v2\/users\/1"}],"replies":[{"embeddable":true,"href":"https:\/\/www.pmc-wine.com\/fr\/wp-json\/wp\/v2\/comments?post=3259"}],"version-history":[{"count":1,"href":"https:\/\/www.pmc-wine.com\/fr\/wp-json\/wp\/v2\/pages\/3259\/revisions"}],"predecessor-version":[{"id":3260,"href":"https:\/\/www.pmc-wine.com\/fr\/wp-json\/wp\/v2\/pages\/3259\/revisions\/3260"}],"wp:attachment":[{"href":"https:\/\/www.pmc-wine.com\/fr\/wp-json\/wp\/v2\/media?parent=3259"}],"curies":[{"name":"wp","href":"https:\/\/api.w.org\/{rel}","templated":true}]}}